{"id":917,"date":"2025-05-28T07:14:18","date_gmt":"2025-05-28T07:14:18","guid":{"rendered":"https:\/\/vet-ac.de\/?page_id=917"},"modified":"2025-05-28T07:17:06","modified_gmt":"2025-05-28T07:17:06","slug":"kein-titel-3","status":"publish","type":"page","link":"https:\/\/vet-ac.de\/?page_id=917","title":{"rendered":"R\u00f6ntgen"},"content":{"rendered":"\t\t<div data-elementor-type=\"wp-page\" data-elementor-id=\"917\" class=\"elementor elementor-917\">\n\t\t\t\t\t\t<section class=\"elementor-section elementor-top-section elementor-element elementor-element-7c6cd9e1 elementor-section-boxed elementor-section-height-default elementor-section-height-default\" data-id=\"7c6cd9e1\" data-element_type=\"section\" data-e-type=\"section\">\n\t\t\t\t\t\t<div class=\"elementor-container elementor-column-gap-default\">\n\t\t\t\t\t<div class=\"elementor-column elementor-col-100 elementor-top-column elementor-element elementor-element-3ebd06c\" data-id=\"3ebd06c\" data-element_type=\"column\" data-e-type=\"column\">\n\t\t\t<div class=\"elementor-widget-wrap elementor-element-populated\">\n\t\t\t\t\t\t<div class=\"elementor-element elementor-element-2e01f4ef elementor-widget elementor-widget-text-editor\" data-id=\"2e01f4ef\" data-element_type=\"widget\" data-e-type=\"widget\" data-widget_type=\"text-editor.default\">\n\t\t\t\t<div class=\"elementor-widget-container\">\n\t\t\t\t\t\t\t\t\t\n\n\t<h3 data-start=\"136\" data-end=\"195\"><strong data-start=\"140\" data-end=\"195\">R\u00f6ntgendiagnostik &#8211; Schnell, pr\u00e4zise und vielseitig<\/strong><\/h3>\nIn unserer Tierarztpraxis nutzen wir moderne Digitalr\u00f6ntgentechnologie, um schnelle und pr\u00e4zise Diagnosen zu stellen. R\u00f6ntgen ist ein \u00e4u\u00dferst effektives Basisdiagnostikum, das in vielen F\u00e4llen schon wertvolle Hinweise auf die Gesundheit Ihres Tieres liefert. H\u00e4ufig erm\u00f6glicht es eine schnelle Diagnose und bildet die Grundlage f\u00fcr weiterf\u00fchrende Untersuchungen wie etwa Ultraschall.\n<h4 data-start=\"582\" data-end=\"634\"><strong data-start=\"587\" data-end=\"634\">Einsatzm\u00f6glichkeiten der R\u00f6ntgendiagnostik:<\/strong><\/h4>\nDas R\u00f6ntgen bietet eine Vielzahl von Anwendungsm\u00f6glichkeiten und kann in vielen Situationen eine wichtige Rolle spielen:\n<ul data-start=\"758\" data-end=\"2462\">\n<li data-start=\"758\" data-end=\"970\">\n<strong data-start=\"760\" data-end=\"781\">Bewegungsapparat:<\/strong> Bei Knochenbr\u00fcchen oder anderen Problemen im Bewegungsapparat liefert das R\u00f6ntgen eine pr\u00e4zise Darstellung des Skeletts und hilft dabei, die genaue Verletzung oder Erkrankung zu bestimmen.\n<\/li>\n<li data-start=\"974\" data-end=\"1130\">\n<strong data-start=\"976\" data-end=\"992\">Fremdk\u00f6rper:<\/strong> Wenn Ihr Tier einen r\u00f6ntgendichten Fremdk\u00f6rper verschluckt hat, k\u00f6nnen wir diesen schnell erkennen und entsprechende Ma\u00dfnahmen ergreifen.\n<\/li>\n<li data-start=\"1132\" data-end=\"1321\">\n<strong data-start=\"1134\" data-end=\"1160\">Kontrastmittelr\u00f6ntgen:<\/strong> Durch den Einsatz von Kontrastmitteln l\u00e4sst sich zum Beispiel ein Darmverschluss genau untersuchen.\n<\/li>\n<li data-start=\"1323\" data-end=\"1524\">\n<strong data-start=\"1325\" data-end=\"1344\">Herz und Lunge:<\/strong> Bei Verdacht auf Erkrankungen von Herz oder Lunge ist das R\u00f6ntgen eine schnelle Methode, um Auff\u00e4lligkeiten wie z.B. Lungenentz\u00fcndungen, ein Lungen\u00f6dem oder Herzvergr\u00f6\u00dferungen sichtbar zu machen.\n<\/li>\n<li data-start=\"1526\" data-end=\"1690\">\n<strong data-start=\"1528\" data-end=\"1557\">Fl\u00fcssigkeitsansammlungen:<\/strong> R\u00f6ntgenaufnahmen k\u00f6nnen uns auch dabei helfen, Fl\u00fcssigkeitsansammlungen im Bauchraum oder Brustkorb Ihres Tieres zu erkennen.\n<\/li>\n<li data-start=\"1692\" data-end=\"1855\">\n<strong data-start=\"1694\" data-end=\"1710\">Bauchorgane:<\/strong> Ein grober \u00dcberblick \u00fcber die Bauchorgane ist durch R\u00f6ntgen schnell m\u00f6glich, was in vielen F\u00e4llen eine erste Grundlage f\u00fcr die Diagnose liefert.\n<\/li>\n<li data-start=\"1857\" data-end=\"2093\">\n<strong data-start=\"1859\" data-end=\"1882\">Notfallsituationen:<\/strong> Nach einem Unfall ist es wichtig, schnell zu handeln. R\u00f6ntgenbilder k\u00f6nnen helfen, das Zwerchfell, die Blase oder Anzeichen eines Pneumothorax ((Luft im Brustkorb)\u00a0 zu beurteilen und sofort zu entscheiden, wie weiter verfahren wird.\n<\/li>\n<li data-start=\"2095\" data-end=\"2266\">\n<strong data-start=\"2097\" data-end=\"2117\">Tumordiagnostik:<\/strong> R\u00f6ntgenaufnahmen dienen als erster Schritt in der Tumordiagnostik und k\u00f6nnen Ver\u00e4nderungen im Gewebe wie bspw. der Lunge sichtbar machen, die auf einen Tumor hindeuten.\n<\/li>\n<li data-start=\"2268\" data-end=\"2462\">\n<strong data-start=\"2270\" data-end=\"2298\">Tr\u00e4chtigkeitsdiagnostik:<\/strong> In fortgeschrittener Tr\u00e4chtigkeit l\u00e4sst sich durch R\u00f6ntgen die Anzahl der ungeborenen Fr\u00fcchte erkennen, was besonders bei schwierigen Geburten hilfreich sein kann.\n<\/li>\n<\/ul>\n<h4 data-start=\"2464\" data-end=\"2504\"><strong data-start=\"2469\" data-end=\"2504\">Vorteile der R\u00f6ntgendiagnostik:<\/strong><\/h4>\nDas R\u00f6ntgen bietet zahlreiche Vorteile:\n<ul data-start=\"2547\" data-end=\"3339\">\n<li data-start=\"2547\" data-end=\"2700\">\n<strong data-start=\"2549\" data-end=\"2567\">Schnelligkeit:<\/strong> Dank der digitalen Technologie erhalten wir schnell pr\u00e4zise Ergebnisse und k\u00f6nnen umgehend mit der Behandlung Ihres Tieres beginnen.\n<\/li>\n<li data-start=\"2704\" data-end=\"2843\">\n<strong data-start=\"2706\" data-end=\"2729\">Minimale Belastung:<\/strong> In den meisten F\u00e4llen kann das R\u00f6ntgen ohne Sedierung durchgef\u00fchrt werden, was den Stress f\u00fcr Ihr Tier minimiert.\n<\/li>\n<li data-start=\"2845\" data-end=\"3015\">\n<strong data-start=\"2847\" data-end=\"2884\">Vielf\u00e4ltige Einsatzm\u00f6glichkeiten:<\/strong> R\u00f6ntgen ist ein \u00e4u\u00dferst flexibles Verfahren und kann bei den meisten Tieren angewendet werden, ohne dass gr\u00f6\u00dfere Risiken bestehen.\n<\/li>\n<li data-start=\"3017\" data-end=\"3199\">\n<strong data-start=\"3019\" data-end=\"3043\">Gezielte Diagnostik:<\/strong> Es erm\u00f6glicht eine sehr gezielte Diagnostik, da R\u00f6ntgenaufnahmen oft pr\u00e4zise Informationen liefern, die eine schnelle und effektive Behandlung erm\u00f6glichen.\n<\/li>\n<li data-start=\"3201\" data-end=\"3339\">\n<strong data-start=\"3203\" data-end=\"3223\">Geringes Risiko:<\/strong> Wenn das R\u00f6ntgen korrekt angewendet wird, ist das Risiko sowohl f\u00fcr das Tier als auch f\u00fcr den Anwender sehr gering.\n<\/li>\n<\/ul>\n<h4 data-start=\"3846\" data-end=\"3910\"><strong data-start=\"3851\" data-end=\"3910\">Zahnr\u00f6ntgen &#8211; Pr\u00e4zise Diagnostik von Z\u00e4hnen und Kiefern<\/strong><\/h4>\nNeben der allgemeinen R\u00f6ntgendiagnostik bieten wir auch Zahnr\u00f6ntgen an, um Zahnprobleme fr\u00fchzeitig zu erkennen. Diese Technik erm\u00f6glicht uns eine pr\u00e4zise Darstellung von Z\u00e4hnen und Zahnwurzeln, sodass wir Zahnkrankheiten wie FORL oder Entz\u00fcndungen der Zahnwurzeln zuverl\u00e4ssig diagnostizieren k\u00f6nnen. Zahnr\u00f6ntgen ist jedoch nur unter Narkose m\u00f6glich.\n\n\t\t\t\t\t\t\t\t<\/div>\n\t\t\t\t<\/div>\n\t\t\t\t\t<\/div>\n\t\t<\/div>\n\t\t\t\t\t<\/div>\n\t\t<\/section>\n\t\t\t\t<\/div>\n\t\t","protected":false},"excerpt":{"rendered":"<p>R\u00f6ntgendiagnostik &#8211; Schnell, pr\u00e4zise und vielseitig In unserer Tierarztpraxis nutzen wir moderne Digitalr\u00f6ntgentechnologie, um schnelle und pr\u00e4zise Diagnosen zu stellen. R\u00f6ntgen ist ein \u00e4u\u00dferst effektives&hellip;<\/p>\n","protected":false},"author":1,"featured_media":0,"parent":0,"menu_order":0,"comment_status":"closed","ping_status":"closed","template":"","meta":{"footnotes":""},"class_list":["post-917","page","type-page","status-publish","hentry"],"_links":{"self":[{"href":"https:\/\/vet-ac.de\/index.php?rest_route=\/wp\/v2\/pages\/917","targetHints":{"allow":["GET"]}}],"collection":[{"href":"https:\/\/vet-ac.de\/index.php?rest_route=\/wp\/v2\/pages"}],"about":[{"href":"https:\/\/vet-ac.de\/index.php?rest_route=\/wp\/v2\/types\/page"}],"author":[{"embeddable":true,"href":"https:\/\/vet-ac.de\/index.php?rest_route=\/wp\/v2\/users\/1"}],"replies":[{"embeddable":true,"href":"https:\/\/vet-ac.de\/index.php?rest_route=%2Fwp%2Fv2%2Fcomments&post=917"}],"version-history":[{"count":5,"href":"https:\/\/vet-ac.de\/index.php?rest_route=\/wp\/v2\/pages\/917\/revisions"}],"predecessor-version":[{"id":924,"href":"https:\/\/vet-ac.de\/index.php?rest_route=\/wp\/v2\/pages\/917\/revisions\/924"}],"wp:attachment":[{"href":"https:\/\/vet-ac.de\/index.php?rest_route=%2Fwp%2Fv2%2Fmedia&parent=917"}],"curies":[{"name":"wp","href":"https:\/\/api.w.org\/{rel}","templated":true}]}}