{"id":804,"date":"2024-03-11T12:41:31","date_gmt":"2024-03-11T12:41:31","guid":{"rendered":"https:\/\/vet-ac.de\/?page_id=804"},"modified":"2024-03-11T12:41:31","modified_gmt":"2024-03-11T12:41:31","slug":"kein-titel","status":"publish","type":"page","link":"https:\/\/vet-ac.de\/?page_id=804","title":{"rendered":"(kein Titel)"},"content":{"rendered":"\n\n\t<h1>Stellenangebot<\/h1>\n\n<h3 dir=\"auto\">Tierarzt\/Tier\u00e4rztin (m\/w\/d) in Voll- oder Teilzeit zum n\u00e4chstm\u00f6glichen Zeitpunkt gesucht!<\/h3>\n<h6 dir=\"auto\">Segel, Bouldern oder Wandern? Und dazu Tiermedizin mit bestm\u00f6glicher Ausstattung in einem famili\u00e4ren Team? Die Praxis liegt in Aachen &#8211; direkt im Zentrum Europas. Wir verf\u00fcgen \u00fcber eine komplette Kliniksausstattung: angefangen bei einem neuen Praxisbau in \u00f6kologischer Bauweise mit \u201eWohlf\u00fchl- Garantie&#8220;, neuem DX-R\u00f6ntgen, Ultraschall inkl. Kardiologie, OP mit Gasnarkose\/Beatmung (Veta5), Zahn-OP inkl. Dentalr\u00f6ntgen, komplettes Inhouse-Labor, Stationen, Euthanasie-Raum und nat\u00fcrlich einer guten Kaffee-Maschine&#8230; ein Traum f\u00fcr jeden, der Tiermedizin auf einem hohen Niveau betreiben m\u00f6chte! Hinzu kommt ein kompetentes und sympathisches Team<br \/>\n<\/h6>\n\t\t\t\t<img fetchpriority=\"high\" decoding=\"async\" src=\"https:\/\/vet-ac.de\/wp-content\/uploads\/2024\/03\/Praxis_2-scaled.jpg\" alt=\"Praxis_2\" itemprop=\"image\" height=\"1920\" width=\"2560\" title=\"Praxis_2\" onerror=\"this.style.display='none'\"  \/>\n\t<h6 dir=\"auto\">Damit biete das Umfeld der Praxis ein einzigartiges Angebot an Freizeit- und Kulturm\u00f6glichkeiten und eine Natur in ihrer urspr\u00fcnglichen Form! Hinzu kommt Aachen mit seinem historischen Ortskern und einer jungen Bev\u00f6lkerung durch die RWTH mit ihren fast 48.000 Studenten, sowie Kinos, Theater, Kneipen, Shoppingm\u00f6glichkeiten&#8230;.<\/h6>\n<h6 dir=\"auto\">Die Bezahlung richtet sich nach dem Grad der Erfahrung, wird fair besprochen und stetig angepasst.<\/h6>\n<h6 dir=\"auto\">Unsere aktuellen <strong>Schwerpunkte<\/strong> sind<\/h6>\n<ul>\n<li dir=\"auto\">\u00a0Internistik<\/li>\n<li dir=\"auto\">\u00a0Kardiologie Ultraschall, Computer-EKG, Blutdruck<\/li>\n<li dir=\"auto\">\u00a0Abdomen-Ultraschall<\/li>\n<li dir=\"auto\">\u00a0Weichteilchirurgie mit kompletter Narkose\u00fcberwachung<\/li>\n<li dir=\"auto\">\u00a0Zahnmedizin inklusive Dentalr\u00f6ntgen<\/li>\n<li dir=\"auto\">\u00a0Reptilien- und Vogelmedizin, sowie Amphibien und Fische<\/li>\n<li>\u00a0Osteopathie- und Physiotherapie<\/li>\n<li>Hauseigenes Labor<\/li>\n<li>R\u00f6ntgen mit DX-System<\/li>\n<\/ul>\n<h6 dir=\"auto\"><\/h6>\n<h6 dir=\"auto\">Wir freuen uns, wenn diese Bereiche um ein eigenes Interessensgebiet erweitert wird. Nach Absprache unterst\u00fctzen wir Fortbildungen in gro\u00dfem Ma\u00dfe finanziell. <\/h6>\n<h6 dir=\"auto\">Wir w\u00fcnschen uns eine langfristige und zukunftsorientierte Zusammenarbeit. Lern unsere Praxis kennen! Wir freuen uns auf Kontaktaufnahme \u00fcber Telefon oder Email. Unverbindlich und unkompliziert und selbstverst\u00e4ndlich auf Wunsch auch diskret!\u00a0 <\/h6>\n\t\t\t\t<img decoding=\"async\" src=\"https:\/\/vet-ac.de\/wp-content\/uploads\/2024\/03\/rursee-homepage.jpg\" alt=\"rursee homepage\" itemprop=\"image\" height=\"1772\" width=\"1772\" title=\"rursee homepage\" onerror=\"this.style.display='none'\"  \/>\n\t<h6 dir=\"auto\">aus Tier\u00e4rzten, Tiermedizinischen Fachangestellten, Physiotherapeutin, Osteopathin&#8230;.<\/h6>\n<h6 dir=\"auto\">Ein regelm\u00e4\u00dfiger Austausch der Tier\u00e4rzte untereinander ist uns wichtig und findet jeden Morgen statt, sowie in monatlichen Teamsitzungen und in Einzelgespr\u00e4chen. <\/h6>\n<h6 dir=\"auto\"><strong>Aber: Wir k\u00f6nnen nur Gutes tun, wenn es uns selber gut geht! <\/strong><\/h6>\n<h6 dir=\"auto\">Deswegen bieten wir ein erprobtes Konzept, das ein geregeltes Privatleben neben dem Beruf als Tierarzt erm\u00f6glicht! So k\u00f6nnen wir Tier\u00e4rzte mit Herz und Seele sein und trotzdem ein privates erf\u00fclltes Leben leben. <\/h6>\n<h6 dir=\"auto\">Der Nationalpark Eifel mit dem Rursee laden zum Segeln und Klettern direkt vor der Haust\u00fcre ein und auch die holl\u00e4ndische K\u00fcste ist nur \u201eeinen Steinwurf&#8220; entfernt. <\/h6>\n\t\t\t\t<img decoding=\"async\" src=\"https:\/\/vet-ac.de\/wp-content\/uploads\/2024\/03\/Praxis-Innen_2-scaled.jpg\" alt=\"Praxis Innen_2\" itemprop=\"image\" height=\"2560\" width=\"1920\" title=\"Praxis Innen_2\" onerror=\"this.style.display='none'\"  \/>\n\t<h6 dir=\"auto\">Bei Interesse freuen wir uns \u00fcber eine Bewerbung an<\/h6>\n<h6 dir=\"auto\">bewerbungen@vet-ac.de oder rufen Sie uns an unter 0241-99009904<br \/>\n<\/h6>\n<h6 dir=\"auto\"><\/h6>\n<h6 dir=\"auto\"><\/h6>\n\n","protected":false},"excerpt":{"rendered":"<p>Stellenangebot Tierarzt\/Tier\u00e4rztin (m\/w\/d) in Voll- oder Teilzeit zum n\u00e4chstm\u00f6glichen Zeitpunkt gesucht! Segel, Bouldern oder Wandern? Und dazu Tiermedizin mit bestm\u00f6glicher Ausstattung in einem famili\u00e4ren Team?&hellip;<\/p>\n","protected":false},"author":1,"featured_media":0,"parent":0,"menu_order":0,"comment_status":"closed","ping_status":"closed","template":"","meta":{"footnotes":""},"class_list":["post-804","page","type-page","status-publish","hentry"],"_links":{"self":[{"href":"https:\/\/vet-ac.de\/index.php?rest_route=\/wp\/v2\/pages\/804","targetHints":{"allow":["GET"]}}],"collection":[{"href":"https:\/\/vet-ac.de\/index.php?rest_route=\/wp\/v2\/pages"}],"about":[{"href":"https:\/\/vet-ac.de\/index.php?rest_route=\/wp\/v2\/types\/page"}],"author":[{"embeddable":true,"href":"https:\/\/vet-ac.de\/index.php?rest_route=\/wp\/v2\/users\/1"}],"replies":[{"embeddable":true,"href":"https:\/\/vet-ac.de\/index.php?rest_route=%2Fwp%2Fv2%2Fcomments&post=804"}],"version-history":[{"count":3,"href":"https:\/\/vet-ac.de\/index.php?rest_route=\/wp\/v2\/pages\/804\/revisions"}],"predecessor-version":[{"id":814,"href":"https:\/\/vet-ac.de\/index.php?rest_route=\/wp\/v2\/pages\/804\/revisions\/814"}],"wp:attachment":[{"href":"https:\/\/vet-ac.de\/index.php?rest_route=%2Fwp%2Fv2%2Fmedia&parent=804"}],"curies":[{"name":"wp","href":"https:\/\/api.w.org\/{rel}","templated":true}]}}