{"id":790,"date":"2023-02-15T14:44:00","date_gmt":"2023-02-15T14:44:00","guid":{"rendered":"https:\/\/vet-ac.de\/?page_id=790"},"modified":"2023-02-15T14:49:24","modified_gmt":"2023-02-15T14:49:24","slug":"sachkundebescheinigung","status":"publish","type":"page","link":"https:\/\/vet-ac.de\/?page_id=790","title":{"rendered":"Sachkundebescheinigung"},"content":{"rendered":"\n<h2>\n\t\tSachkundebescheingung\n\t<\/h2>\n\t<p>Gem\u00e4\u00df\u00a0 \u00a7 11 Abs. 3 des Landeshundegesetz (LHundG) NRW ist die Haltung eines Hundes, der ausgewachsen eine Widerristh\u00f6he von mindestens 40 cm oder ein Gewicht von mindestens 20 kg erreicht (gro\u00dfer Hund), bei der zust\u00e4ndigen Beh\u00f6rde von der Halterin oder vom Halter anzuzeigen. Hierbei ist eine Sachkundenachweis vorzulegen, f\u00fcr den Sie bei uns in der Praxis die erforderlichen Pr\u00fcfung ablegen k\u00f6nnen<\/p>\n<p>&nbsp;<\/p>\n<p>\u00fcber den diesen Link gelange Sie f\u00fcr weitere Informationen auf die Seite der Tier\u00e4rztekammer Nordrhein:<\/p>\n<p><a href=\"https:\/\/www.tieraerztekammer-nordrhein.de\/tierhalter\/sachkundebescheinigung-lhundg\/\">https:\/\/www.tieraerztekammer-nordrhein.de\/tierhalter\/sachkundebescheinigung-lhundg\/<\/a><\/p>\n\n","protected":false},"excerpt":{"rendered":"<p>Sachkundebescheingung Gem\u00e4\u00df\u00a0 \u00a7 11 Abs. 3 des Landeshundegesetz (LHundG) NRW ist die Haltung eines Hundes, der ausgewachsen eine Widerristh\u00f6he von mindestens 40 cm oder ein&hellip;<\/p>\n","protected":false},"author":1,"featured_media":0,"parent":0,"menu_order":0,"comment_status":"closed","ping_status":"closed","template":"","meta":{"footnotes":""},"class_list":["post-790","page","type-page","status-publish","hentry"],"_links":{"self":[{"href":"https:\/\/vet-ac.de\/index.php?rest_route=\/wp\/v2\/pages\/790","targetHints":{"allow":["GET"]}}],"collection":[{"href":"https:\/\/vet-ac.de\/index.php?rest_route=\/wp\/v2\/pages"}],"about":[{"href":"https:\/\/vet-ac.de\/index.php?rest_route=\/wp\/v2\/types\/page"}],"author":[{"embeddable":true,"href":"https:\/\/vet-ac.de\/index.php?rest_route=\/wp\/v2\/users\/1"}],"replies":[{"embeddable":true,"href":"https:\/\/vet-ac.de\/index.php?rest_route=%2Fwp%2Fv2%2Fcomments&post=790"}],"version-history":[{"count":2,"href":"https:\/\/vet-ac.de\/index.php?rest_route=\/wp\/v2\/pages\/790\/revisions"}],"predecessor-version":[{"id":792,"href":"https:\/\/vet-ac.de\/index.php?rest_route=\/wp\/v2\/pages\/790\/revisions\/792"}],"wp:attachment":[{"href":"https:\/\/vet-ac.de\/index.php?rest_route=%2Fwp%2Fv2%2Fmedia&parent=790"}],"curies":[{"name":"wp","href":"https:\/\/api.w.org\/{rel}","templated":true}]}}