{"id":562,"date":"2020-01-26T21:50:56","date_gmt":"2020-01-26T21:50:56","guid":{"rendered":"https:\/\/vet-ac.de\/?page_id=562"},"modified":"2020-01-26T22:12:56","modified_gmt":"2020-01-26T22:12:56","slug":"562-2","status":"publish","type":"page","link":"https:\/\/vet-ac.de\/?page_id=562","title":{"rendered":"Notdienst"},"content":{"rendered":"\n\t<h3>Notdienst<\/h3>\n<p>&nbsp;<\/p>\n<p>Jeder, der viel arbeitet, braucht auch mal eine Auszeit.<\/p>\n<p>F\u00fcr jeden Tierbesitzer ist es sch\u00f6n, wenn er seinen Tierarzt rund um die Uhr und auch am Wochenende erreichen kann, wenn sein Liebling eine pl\u00f6tzliche Erkrankung hat. Aber wie jeder andere auch brauchen wir Tier\u00e4rzte und Helferinnen auch Zeit, um uns von einer langen und anstrengenden Woche zu erholen und Zeit mit unseren Familien und Freunden zu verbringen. Daher ist es uns leider nicht m\u00f6glich, eine Rund-um-die-Uhr-Betreuung anzubieten.<\/p>\n<p>Wir haben uns jedoch dem offiziellen Notdienstring der Stadt Aachen angeschlossen. Gem\u00e4\u00df eines festgelegten Plans wechseln sich eine gro\u00dfe Anzahl Praxen an den Wochenenden und Feiertagen ab, um die tiermedizinische Notfallversorgung Ihrer Tiere sicherzustellen.<\/p>\n<p>Welche Praxis an welchem Tag Notdienst hat, k\u00f6nnen Sie dem <a href=\"https:\/\/vet-ac.de\/?page_id=565\"><strong>offiziellen Notdienstplan<\/strong><\/a> entnehmen.<\/p>\n<p>Wir weisen darauf hin, dass ein Notfall in jeder Praxis immer telefonisch angek\u00fcndigt werden muss. Ferner tritt in K\u00fcrze die neue Geb\u00fchrenordnung f\u00fcr Tier\u00e4rzte in Kraft, die <strong>per Gesetz<\/strong> eine pauschale Notdienstgeb\u00fchr in H\u00f6he von 59,50\u20ac brutto und eine Abrechnung mindestens im 2fachen Geb\u00fchrensatz <strong>vorschreibt<\/strong>.<\/p>\n","protected":false},"excerpt":{"rendered":"<p>Notdienst &nbsp; Jeder, der viel arbeitet, braucht auch mal eine Auszeit. F\u00fcr jeden Tierbesitzer ist es sch\u00f6n, wenn er seinen Tierarzt rund um die Uhr&hellip;<\/p>\n","protected":false},"author":1,"featured_media":0,"parent":0,"menu_order":0,"comment_status":"closed","ping_status":"closed","template":"","meta":{"footnotes":""},"class_list":["post-562","page","type-page","status-publish","hentry"],"_links":{"self":[{"href":"https:\/\/vet-ac.de\/index.php?rest_route=\/wp\/v2\/pages\/562","targetHints":{"allow":["GET"]}}],"collection":[{"href":"https:\/\/vet-ac.de\/index.php?rest_route=\/wp\/v2\/pages"}],"about":[{"href":"https:\/\/vet-ac.de\/index.php?rest_route=\/wp\/v2\/types\/page"}],"author":[{"embeddable":true,"href":"https:\/\/vet-ac.de\/index.php?rest_route=\/wp\/v2\/users\/1"}],"replies":[{"embeddable":true,"href":"https:\/\/vet-ac.de\/index.php?rest_route=%2Fwp%2Fv2%2Fcomments&post=562"}],"version-history":[{"count":4,"href":"https:\/\/vet-ac.de\/index.php?rest_route=\/wp\/v2\/pages\/562\/revisions"}],"predecessor-version":[{"id":571,"href":"https:\/\/vet-ac.de\/index.php?rest_route=\/wp\/v2\/pages\/562\/revisions\/571"}],"wp:attachment":[{"href":"https:\/\/vet-ac.de\/index.php?rest_route=%2Fwp%2Fv2%2Fmedia&parent=562"}],"curies":[{"name":"wp","href":"https:\/\/api.w.org\/{rel}","templated":true}]}}