{"id":486,"date":"2020-01-05T20:37:06","date_gmt":"2020-01-05T20:37:06","guid":{"rendered":"https:\/\/vet-ac.de\/?page_id=486"},"modified":"2020-01-05T20:42:15","modified_gmt":"2020-01-05T20:42:15","slug":"endoskopie","status":"publish","type":"page","link":"https:\/\/vet-ac.de\/?page_id=486","title":{"rendered":"Endoskopie"},"content":{"rendered":"\n\t<h3>Video-Endoskopie<\/h3>\n\t\t\t\t<img fetchpriority=\"high\" decoding=\"async\" src=\"https:\/\/vet-ac.de\/wp-content\/uploads\/2020\/01\/DSC_0490-1024x685.jpg\" alt=\"DSC_0490\" itemprop=\"image\" height=\"564\" width=\"843\" title=\"DSC_0490\" onerror=\"this.style.display='none'\"  \/>\n<p>Olympus Video-Endoskop<\/p>\n<p>Mittels unseres Video-Endoskopes von Olympus haben wir die M\u00f6glichkeit, Untersuchungen des Magen-Darm-Traktes durchzuf\u00fchren.<\/p>\n<p>Anders als bei herk\u00f6mmlichen Endoskopen, bei denen das Bild durch Glasfaserkabel zur Kamera gelenkt wird, verf\u00fcgt unser Endoskop direkt \u00fcber eine kleine Kamera in seiner Spitze, wodurch der Untersucher ein viel klareres Bild vom zu untersuchenden Gebiet bekommt. Diagnosen lassen sich so genauer stellen.<\/p>\n<p>Ferner besteht die M\u00f6glichkeit, dass man \u00fcber einen Arbeitskanal mittels einer kleinen Biopsie-Zange Proben f\u00fcr einen pathologsiche Untersuchung entnehmen kann.<\/p>\n<p>Anders als bei konventionell verwendeten Endoskopen verf\u00fcgt unser Video-Endoskop \u00fcber einen besonds d\u00fcnnen Druchmesser, um so eine schonende Untersuchung der Speiser\u00f6hre und des Magens durchf\u00fchren zu k\u00f6nnen.<\/p>\n\t\t\t\t<img fetchpriority=\"high\" decoding=\"async\" src=\"https:\/\/vet-ac.de\/wp-content\/uploads\/2020\/01\/DSC_0490-1024x685.jpg\" alt=\"DSC_0490\" itemprop=\"image\" height=\"564\" width=\"843\" title=\"DSC_0490\" onerror=\"this.style.display='none'\"  \/>\n","protected":false},"excerpt":{"rendered":"<p>Video-Endoskopie Olympus Video-Endoskop Mittels unseres Video-Endoskopes von Olympus haben wir die M\u00f6glichkeit, Untersuchungen des Magen-Darm-Traktes durchzuf\u00fchren. Anders als bei herk\u00f6mmlichen Endoskopen, bei denen das Bild&hellip;<\/p>\n","protected":false},"author":1,"featured_media":0,"parent":0,"menu_order":0,"comment_status":"closed","ping_status":"closed","template":"","meta":{"footnotes":""},"class_list":["post-486","page","type-page","status-publish","hentry"],"_links":{"self":[{"href":"https:\/\/vet-ac.de\/index.php?rest_route=\/wp\/v2\/pages\/486","targetHints":{"allow":["GET"]}}],"collection":[{"href":"https:\/\/vet-ac.de\/index.php?rest_route=\/wp\/v2\/pages"}],"about":[{"href":"https:\/\/vet-ac.de\/index.php?rest_route=\/wp\/v2\/types\/page"}],"author":[{"embeddable":true,"href":"https:\/\/vet-ac.de\/index.php?rest_route=\/wp\/v2\/users\/1"}],"replies":[{"embeddable":true,"href":"https:\/\/vet-ac.de\/index.php?rest_route=%2Fwp%2Fv2%2Fcomments&post=486"}],"version-history":[{"count":2,"href":"https:\/\/vet-ac.de\/index.php?rest_route=\/wp\/v2\/pages\/486\/revisions"}],"predecessor-version":[{"id":489,"href":"https:\/\/vet-ac.de\/index.php?rest_route=\/wp\/v2\/pages\/486\/revisions\/489"}],"wp:attachment":[{"href":"https:\/\/vet-ac.de\/index.php?rest_route=%2Fwp%2Fv2%2Fmedia&parent=486"}],"curies":[{"name":"wp","href":"https:\/\/api.w.org\/{rel}","templated":true}]}}