{"id":474,"date":"2020-01-05T20:14:54","date_gmt":"2020-01-05T20:14:54","guid":{"rendered":"https:\/\/vet-ac.de\/?page_id=474"},"modified":"2020-01-05T20:35:26","modified_gmt":"2020-01-05T20:35:26","slug":"zahnsanierung","status":"publish","type":"page","link":"https:\/\/vet-ac.de\/?page_id=474","title":{"rendered":"Zahnsanierung"},"content":{"rendered":"\n\t<h3><strong>Zahnhygiene-Management<\/strong><\/h3>\nModernes Zahnhygiene-Management ist ein wichtiger Beitrag zur Gesunderhaltung Ihres Tieres und ein wichtiger Baustein f\u00fcr ein langes Leben.<br \/>\nDieses beschr\u00e4nkt sich aber nicht nur auf das einfache Entfernen von Zahnstein, sondern geht weit dar\u00fcber hinaus. \n<br \/>\nErhebung des Zahnstatus:\u00a0Wenn das Tier in Narkose ist werden zun\u00e4chst die Z\u00e4hne, das \u00a0Zahnfleisch und der Kiefer gr\u00fcndlich untersucht. Dabei wird das Fehlen von Z\u00e4hnen notiert und eventuell zu ziehende Z\u00e4hne genau unter die Lupe \u00a0genommen.\n\t\t\t\t<img fetchpriority=\"high\" decoding=\"async\" src=\"https:\/\/vet-ac.de\/wp-content\/uploads\/2020\/01\/Zaehne_vor_Reinigung-scaled.jpg\" alt=\"Zaehne_vor_Reinigung\" itemprop=\"image\" height=\"1829\" width=\"2560\" title=\"Zaehne_vor_Reinigung\" onerror=\"this.style.display='none'\"  \/>\n\t\t\t\t<img decoding=\"async\" src=\"https:\/\/vet-ac.de\/wp-content\/uploads\/2020\/01\/Zahnsteinentfernung.jpg\" alt=\"Zahnsteinentfernung\" itemprop=\"image\" height=\"1616\" width=\"2380\" title=\"Zahnsteinentfernung\" onerror=\"this.style.display='none'\"  \/>\n\t<p>Entfernung des Zahnsteins: Der Zahnstein wir mittels eines modernen Zahnstein-Ultraschallger\u00e4tes schonend vom Zahn gel\u00f6st. Auch die Zahnzwischenr\u00e4ume \u2013 ein Bereich , in dem sich gerne Futterreste und Zahnbelag verstecken, werden gr\u00fcndlich gereinigt.<\/p>\n\t<p>Erneute Kontrolle des Z\u00e4hne: Nun werden die Z\u00e4hen im gereinigten Zustand nochmals genau betrachtet und auf eventuell bislang verborgene Defekte oder Wurzelsch\u00e4digungen hin untersucht. Mit einer antibakteriellen Speziall\u00f6sung werden nun die Zahnfleischtaschen durchgesp\u00fclt um letzte Verschmutzungen zu entfernen und Keime anzut\u00f6ten. <\/p>\n\t\t\t\t<img decoding=\"async\" src=\"https:\/\/vet-ac.de\/wp-content\/uploads\/2020\/01\/Zaehne_Untersuchung_mit_Spiegel.jpg\" alt=\"Zaehne_Untersuchung_mit_Spiegel\" itemprop=\"image\" height=\"1870\" width=\"2411\" title=\"Zaehne_Untersuchung_mit_Spiegel\" onerror=\"this.style.display='none'\"  \/>\n\t<p>Seit Dezember 2019 verf\u00fcgt die Praxis \u00fcber ein <strong>digitales R\u00f6ntgensystem speziell nur f\u00fcr die Z\u00e4hne<\/strong>. Mit hochaufl\u00f6senden Folien Ist es us nun m\u00f6glich, Z\u00e4hne gezielt zu r\u00f6ntgen, um verborgenen Zahnprobleme sichtbar zu machen. Manch ein Zahn sieht oberfl\u00e4chlich in Ordnung aus, jedoch ist die Wurzel schon angefressen und somit hochgradig schmerzhaft. Mit dem neune CR7 von SCIL bleiben uns solche Defekte nicht l\u00e4nger verborgen &#8211; ein wichtiger weitere Schritt in die Zahmedizin von morgen.<\/p>\n\t<p>Als n\u00e4chstes erfolgt die <strong>Vermessung der Parodontaltaschen<\/strong> und eventl. elektrochirurgische Entfernung von \u00fcberstehenden Zahnfleischlappen: Mittels eines speziellen Me\u00dfger\u00e4tes werden die Parodontaltaschen jedes einzelnen Zahnes vermessen und die Untersuchungsergebnisse notiert. <\/p>\n\t\t\t\t<img loading=\"lazy\" decoding=\"async\" src=\"https:\/\/vet-ac.de\/wp-content\/uploads\/2020\/01\/Parodontaltaschen.jpg\" alt=\"Parodontaltaschen\" itemprop=\"image\" height=\"1870\" width=\"2411\" title=\"Parodontaltaschen\" onerror=\"this.style.display='none'\"  \/>\n\t<p>Nun kann es sein, dass Z\u00e4hen, die optisch oder im R\u00f6ntgen auff\u00e4llig sind, gezogen werden m\u00fcssen. Dies kann mitunter ein langwieriger Prozess sein, in dem moderne Ger\u00e4te wie Bohrer oder Fr\u00e4sen zum einsatz kommen, um festsitzende, aber schmerzhafte Z\u00e4hne zu ziehen.<\/p>\n","protected":false},"excerpt":{"rendered":"<p>Zahnhygiene-Management Modernes Zahnhygiene-Management ist ein wichtiger Beitrag zur Gesunderhaltung Ihres Tieres und ein wichtiger Baustein f\u00fcr ein langes Leben. Dieses beschr\u00e4nkt sich aber nicht nur&hellip;<\/p>\n","protected":false},"author":1,"featured_media":0,"parent":0,"menu_order":0,"comment_status":"closed","ping_status":"closed","template":"","meta":{"footnotes":""},"class_list":["post-474","page","type-page","status-publish","hentry"],"_links":{"self":[{"href":"https:\/\/vet-ac.de\/index.php?rest_route=\/wp\/v2\/pages\/474","targetHints":{"allow":["GET"]}}],"collection":[{"href":"https:\/\/vet-ac.de\/index.php?rest_route=\/wp\/v2\/pages"}],"about":[{"href":"https:\/\/vet-ac.de\/index.php?rest_route=\/wp\/v2\/types\/page"}],"author":[{"embeddable":true,"href":"https:\/\/vet-ac.de\/index.php?rest_route=\/wp\/v2\/users\/1"}],"replies":[{"embeddable":true,"href":"https:\/\/vet-ac.de\/index.php?rest_route=%2Fwp%2Fv2%2Fcomments&post=474"}],"version-history":[{"count":3,"href":"https:\/\/vet-ac.de\/index.php?rest_route=\/wp\/v2\/pages\/474\/revisions"}],"predecessor-version":[{"id":484,"href":"https:\/\/vet-ac.de\/index.php?rest_route=\/wp\/v2\/pages\/474\/revisions\/484"}],"wp:attachment":[{"href":"https:\/\/vet-ac.de\/index.php?rest_route=%2Fwp%2Fv2%2Fmedia&parent=474"}],"curies":[{"name":"wp","href":"https:\/\/api.w.org\/{rel}","templated":true}]}}