{"id":465,"date":"2020-01-05T18:23:10","date_gmt":"2020-01-05T18:23:10","guid":{"rendered":"https:\/\/vet-ac.de\/?page_id=465"},"modified":"2020-01-05T18:31:23","modified_gmt":"2020-01-05T18:31:23","slug":"raum-der-stille","status":"publish","type":"page","link":"https:\/\/vet-ac.de\/?page_id=465","title":{"rendered":"Raum der Stille"},"content":{"rendered":"\n\t\t\t\t<img fetchpriority=\"high\" decoding=\"async\" src=\"https:\/\/vet-ac.de\/wp-content\/uploads\/2020\/01\/IMG_5830-scaled.jpg\" alt=\"IMG_5830\" itemprop=\"image\" height=\"1920\" width=\"2560\" title=\"IMG_5830\" onerror=\"this.style.display='none'\"  \/>\n\t\t\t\t<img decoding=\"async\" src=\"https:\/\/vet-ac.de\/wp-content\/uploads\/2020\/01\/IMG_5829-768x1024.jpg\" alt=\"IMG_5829\" itemprop=\"image\" height=\"1024\" width=\"768\" title=\"IMG_5829\" onerror=\"this.style.display='none'\"  \/>\n\t<h3>Der &#8222;Raum der Stille&#8220;<\/h3>\nFast jeder Tierbesitzer kennt die Situation: trotz aller F\u00fcrsorge, Tierliebe und tiermedizinischem K\u00f6nnen ist das Leben endlich und wir m\u00fcssen uns irgendwann f\u00fcr immer von unseren geliebten Familienmitgliedern verabschieden. Dies f\u00e4llt nie leicht &#8211; auch uns als Tier\u00e4rzten nicht.<br \/>\nOftmals ist jedoch zus\u00e4tzlich der Abschied durch die nicht-passende Umgebung getr\u00fcbt. Aus diesem Grund war es uns seit Beginn der Bauplanung immer ein Anliegen, dem Abschiednehmen einen eigenen Raum zu geben.\n\t<br \/>\nMit unserem &#8222;Raum der Stille&#8220; konnten wir uns unser Anliegen erf\u00fcllen. Fern ab von medizinischen Ger\u00e4ten und dem &#8222;normalen&#8220; Praxisbetrieb haben wir uns eine kleine Insel geschaffen, die es Ihnen &#8211; den Tierbesitzern &#8211; erm\u00f6glicht, in Ruhe von Ihrem Vierbeine Abschied zu nehmen. Bei gedimmtem Licht und stressfreier Umgebung f\u00e4llt der Abschied zwar nicht leichter, aber er kann in einer w\u00fcrdevollen Umgebung und ohne Zeitdruck erfolgen.\n\t\t\t\t<img decoding=\"async\" src=\"https:\/\/vet-ac.de\/wp-content\/uploads\/2020\/01\/IMG_5826-scaled.jpg\" alt=\"IMG_5826\" itemprop=\"image\" height=\"1920\" width=\"2560\" title=\"IMG_5826\" onerror=\"this.style.display='none'\"  \/>\n","protected":false},"excerpt":{"rendered":"<p>Der &#8222;Raum der Stille&#8220; Fast jeder Tierbesitzer kennt die Situation: trotz aller F\u00fcrsorge, Tierliebe und tiermedizinischem K\u00f6nnen ist das Leben endlich und wir m\u00fcssen uns&hellip;<\/p>\n","protected":false},"author":1,"featured_media":0,"parent":0,"menu_order":0,"comment_status":"closed","ping_status":"closed","template":"","meta":{"footnotes":""},"class_list":["post-465","page","type-page","status-publish","hentry"],"_links":{"self":[{"href":"https:\/\/vet-ac.de\/index.php?rest_route=\/wp\/v2\/pages\/465","targetHints":{"allow":["GET"]}}],"collection":[{"href":"https:\/\/vet-ac.de\/index.php?rest_route=\/wp\/v2\/pages"}],"about":[{"href":"https:\/\/vet-ac.de\/index.php?rest_route=\/wp\/v2\/types\/page"}],"author":[{"embeddable":true,"href":"https:\/\/vet-ac.de\/index.php?rest_route=\/wp\/v2\/users\/1"}],"replies":[{"embeddable":true,"href":"https:\/\/vet-ac.de\/index.php?rest_route=%2Fwp%2Fv2%2Fcomments&post=465"}],"version-history":[{"count":3,"href":"https:\/\/vet-ac.de\/index.php?rest_route=\/wp\/v2\/pages\/465\/revisions"}],"predecessor-version":[{"id":471,"href":"https:\/\/vet-ac.de\/index.php?rest_route=\/wp\/v2\/pages\/465\/revisions\/471"}],"wp:attachment":[{"href":"https:\/\/vet-ac.de\/index.php?rest_route=%2Fwp%2Fv2%2Fmedia&parent=465"}],"curies":[{"name":"wp","href":"https:\/\/api.w.org\/{rel}","templated":true}]}}