{"id":394,"date":"2019-12-10T22:59:15","date_gmt":"2019-12-10T22:59:15","guid":{"rendered":"https:\/\/vet-ac.de\/?page_id=394"},"modified":"2023-02-15T13:06:20","modified_gmt":"2023-02-15T13:06:20","slug":"394-2","status":"publish","type":"page","link":"https:\/\/vet-ac.de\/?page_id=394","title":{"rendered":"Kardiologie"},"content":{"rendered":"\n\n\t<h1>Kardiologie<\/h1>\n\t<p>Die Kardiologie, also die Untersuchung des Herzens, nimmt bei Hund und Katze eine immer gr\u00f6\u00dfer werdende Stellung ein.<\/p>\n<p>W\u00e4hrend fr\u00fcher das Abh\u00f6ren des Herzens die einzige M\u00f6glichkeit darstellte, etwas \u00fcber Unregelm\u00e4\u00dfigkeiten oder Erkrankungen herauszufinden, so gibt es heute eine Vielzahl an diagnostischen Hilfsmitteln.<\/p>\n<p>Hierzu geh\u00f6ren neben der allgemeinen Untersuchung und dem Abh\u00f6ren das R\u00f6ntgen, der Ultraschall, ein EKG und die Blutdruckmessung.<\/p>\n<p>Die Praxis verf\u00fcgt \u00fcber eine extrem hochwertige Ausstattung, um das Herz Ihres Tieres untersuchen zu k\u00f6nnen.<\/p>\n<p>Durch Anklicken auf die jeweiligen untenstehenden \u00dcberschriften k\u00f6nnen Sie n\u00e4here Informationen zu den einzelnen Untersuchungen bekommen.<\/p>\n\t<p><a href=\"https:\/\/vet-ac.de\/?page_id=402\">Herzr\u00f6ntgen<\/a><\/p>\n<p><a href=\"https:\/\/vet-ac.de\/?page_id=396\">Echokardiografie (Herzultraschall)<\/a><\/p>\n<p><a href=\"https:\/\/vet-ac.de\/?page_id=301\">EKG (Elektrokardiogramm)<\/a><\/p>\n<p><a href=\"https:\/\/vet-ac.de\/?page_id=404\">Blutdruckmessung<\/a><\/p>\n\n","protected":false},"excerpt":{"rendered":"<p>Kardiologie Die Kardiologie, also die Untersuchung des Herzens, nimmt bei Hund und Katze eine immer gr\u00f6\u00dfer werdende Stellung ein. W\u00e4hrend fr\u00fcher das Abh\u00f6ren des Herzens&hellip;<\/p>\n","protected":false},"author":1,"featured_media":0,"parent":0,"menu_order":0,"comment_status":"closed","ping_status":"closed","template":"","meta":{"footnotes":""},"class_list":["post-394","page","type-page","status-publish","hentry"],"_links":{"self":[{"href":"https:\/\/vet-ac.de\/index.php?rest_route=\/wp\/v2\/pages\/394","targetHints":{"allow":["GET"]}}],"collection":[{"href":"https:\/\/vet-ac.de\/index.php?rest_route=\/wp\/v2\/pages"}],"about":[{"href":"https:\/\/vet-ac.de\/index.php?rest_route=\/wp\/v2\/types\/page"}],"author":[{"embeddable":true,"href":"https:\/\/vet-ac.de\/index.php?rest_route=\/wp\/v2\/users\/1"}],"replies":[{"embeddable":true,"href":"https:\/\/vet-ac.de\/index.php?rest_route=%2Fwp%2Fv2%2Fcomments&post=394"}],"version-history":[{"count":7,"href":"https:\/\/vet-ac.de\/index.php?rest_route=\/wp\/v2\/pages\/394\/revisions"}],"predecessor-version":[{"id":788,"href":"https:\/\/vet-ac.de\/index.php?rest_route=\/wp\/v2\/pages\/394\/revisions\/788"}],"wp:attachment":[{"href":"https:\/\/vet-ac.de\/index.php?rest_route=%2Fwp%2Fv2%2Fmedia&parent=394"}],"curies":[{"name":"wp","href":"https:\/\/api.w.org\/{rel}","templated":true}]}}