{"id":326,"date":"2021-01-09T06:02:15","date_gmt":"2021-01-09T06:02:15","guid":{"rendered":"https:\/\/vet-ac.de\/?page_id=326"},"modified":"2022-04-20T18:16:54","modified_gmt":"2022-04-20T18:16:54","slug":"vorlage-teammitglied","status":"publish","type":"page","link":"https:\/\/vet-ac.de\/?page_id=326","title":{"rendered":"Nicole M\u00f6rs"},"content":{"rendered":"\n\n\t\t\t\t<img fetchpriority=\"high\" decoding=\"async\" src=\"https:\/\/vet-ac.de\/wp-content\/uploads\/2022\/04\/Moers-Homepage.jpg\" alt=\"Moers Homepage\" itemprop=\"image\" height=\"2560\" width=\"2560\" title=\"Moers Homepage\" onerror=\"this.style.display='none'\"  \/>\n\t<h3><strong>Nic<\/strong><strong>ole M\u00f6rs<\/strong><\/h3>\n<h3>Tier\u00e4rztin<\/h3>\n\t<h4>Pers\u00f6nliche Daten:<\/h4>\nGeburtsjahr: 1985<br \/>\nGeburtsort: Hamburg\n<p>&nbsp;<\/p>\n<h3>Studium<\/h3>\nStudium an der Veterin\u00e4rmedizinischen Universit\u00e4t Wien, Studiengang Veterin\u00e4rmedizin<br \/>\n04\/2012 &#8211; 08\/2017<br \/>\nStudium an der Justus-Liebig-Universit\u00e4t Gie\u00dfen, Studiengang Veterin\u00e4rmedizin, Approbation zur Tier\u00e4rztin\n<h4>Weitere Berufserfahrung:<\/h4>\n03\/2007 &#8211; 03\/2008<br \/>\nAusbildung zur Hundephysiotherapeutin nach Bl\u00fcmchen\/Wosslick an den 1. Deutschen Ausbildungsst\u00e4tten f\u00fcr Hundephysiotherapie<br \/>\n05\/2008 &#8211; 09\/2010<br \/>\nSelbstst\u00e4ndig in eigener Praxis als Hundephysiotherapeutin in Buchholz i.d.N.<br \/>\n10\/2010 &#8211; 04\/2012\n<h3>Praktika<\/h3>\nSeptember 2013: Zweiw\u00f6chiges Praktikum beim Veterin\u00e4r des 1st Military Working Dog Regiment der British Army in Paderborn\/Sennelager<br \/>\n10\/2016 &#8211; 04\/2017: Praktika des Rotationsjahres, u.a. bei Tierklinik Norderstedt (8 Wochen), Tierarztpraxis Dr. Andrea Niebergall (6 Wochen), Opel-Zoo Kronberg (bei Frankfurt, 2 Wochen)\n<p>&nbsp;<\/p>\n<h3>Fremdsprachen:<\/h3>\n<p>Deutsch, Englisch, Franz\u00f6sisch, Latein<\/p>\n\t<h3>Fort- &amp; Weiterbildungen:<\/h3>\n\n","protected":false},"excerpt":{"rendered":"<p>Nicole M\u00f6rs Tier\u00e4rztin Pers\u00f6nliche Daten: Geburtsjahr: 1985 Geburtsort: Hamburg &nbsp; Studium Studium an der Veterin\u00e4rmedizinischen Universit\u00e4t Wien, Studiengang Veterin\u00e4rmedizin 04\/2012 &#8211; 08\/2017 Studium an der&hellip;<\/p>\n","protected":false},"author":1,"featured_media":0,"parent":0,"menu_order":0,"comment_status":"closed","ping_status":"closed","template":"","meta":{"footnotes":""},"class_list":["post-326","page","type-page","status-publish","hentry"],"_links":{"self":[{"href":"https:\/\/vet-ac.de\/index.php?rest_route=\/wp\/v2\/pages\/326","targetHints":{"allow":["GET"]}}],"collection":[{"href":"https:\/\/vet-ac.de\/index.php?rest_route=\/wp\/v2\/pages"}],"about":[{"href":"https:\/\/vet-ac.de\/index.php?rest_route=\/wp\/v2\/types\/page"}],"author":[{"embeddable":true,"href":"https:\/\/vet-ac.de\/index.php?rest_route=\/wp\/v2\/users\/1"}],"replies":[{"embeddable":true,"href":"https:\/\/vet-ac.de\/index.php?rest_route=%2Fwp%2Fv2%2Fcomments&post=326"}],"version-history":[{"count":6,"href":"https:\/\/vet-ac.de\/index.php?rest_route=\/wp\/v2\/pages\/326\/revisions"}],"predecessor-version":[{"id":744,"href":"https:\/\/vet-ac.de\/index.php?rest_route=\/wp\/v2\/pages\/326\/revisions\/744"}],"wp:attachment":[{"href":"https:\/\/vet-ac.de\/index.php?rest_route=%2Fwp%2Fv2%2Fmedia&parent=326"}],"curies":[{"name":"wp","href":"https:\/\/api.w.org\/{rel}","templated":true}]}}