{"id":320,"date":"2020-01-05T17:54:08","date_gmt":"2020-01-05T17:54:08","guid":{"rendered":"https:\/\/vet-ac.de\/?page_id=320"},"modified":"2025-02-05T10:22:26","modified_gmt":"2025-02-05T10:22:26","slug":"yasmin-roemer","status":"publish","type":"page","link":"https:\/\/vet-ac.de\/?page_id=320","title":{"rendered":"Yasmin M\u00f6lling"},"content":{"rendered":"\n\n\t\t\t\t<img decoding=\"async\" src=\"https:\/\/wordpress.vet-ac.de\/wp-content\/uploads\/2020\/01\/Jasmin-HP.jpg\" alt=\"Jasmin HP\" itemprop=\"image\" title=\"Jasmin HP\" onerror=\"this.style.display='none'\"  \/>\n\t<h3>Yasmin M\u00f6lling<\/h3>\n<p>Tiermedizinische Fachangestellte, zertifzierte Tierphysiotherapeutin<\/p>\n<p>leitenden Angestellte: Behandlung<\/p>\n<p>Aufgabenschwerpunkt: Physiotherapie, Behandlungen<\/p>\n\t<h3>Ausbildung<\/h3>\n<p>August 2011-Juni 2014 Ausbildung zu Tiermedizinischen Fachangestellten in der Tier\u00e4rztliche Praxis f\u00fcr Kleintiere Thomas Koch, Aachen-Kornelim\u00fcnster<\/p>\n<p>&nbsp;<\/p>\n<h3>Berufserfahrung<\/h3>\n<p>Juni 2014 &#8211; September 2016 Tiermedizinische Fachangestellte in der Tier\u00e4rztliche Praxis Thomas Koch, Aachen-Kornelim\u00fcnster<\/p>\n<p>September 2016 &#8211; Januar 2017 Tiermedizinische Fachangestelte in einer Kleintierpraxis in D\u00fcren<\/p>\n<p>M\u00e4rz 2017 &#8211; Dezember 2024 selbstst\u00e4ndig als Tierphysiotherapeutin in eigener Praxis<\/p>\n<p>seit Januar 2021\u00a0 Teil des Teams von Koch + Kollegen<\/p>\n<p>&nbsp;<\/p>\n<h3>Weiterbildung<\/h3>\n<p>Ausbhildung zur Tierphysiotherapeutin im Vierbeiner Reha Zentrum Bad Wildungen<\/p>\n<p>Blutegeltherapie<\/p>\n<p>Interfenzstromanwendung<\/p>\n<p>Dorn-Therapie<\/p>\n<p>Futtermittelberatung<\/p>\n<p>&nbsp;<\/p>\n<h3>Fremdsprachen<\/h3>\n<p>Englisch, Italienisch<\/p>\n\n","protected":false},"excerpt":{"rendered":"<p>Yasmin M\u00f6lling Tiermedizinische Fachangestellte, zertifzierte Tierphysiotherapeutin leitenden Angestellte: Behandlung Aufgabenschwerpunkt: Physiotherapie, Behandlungen Ausbildung August 2011-Juni 2014 Ausbildung zu Tiermedizinischen Fachangestellten in der Tier\u00e4rztliche Praxis f\u00fcr&hellip;<\/p>\n","protected":false},"author":1,"featured_media":0,"parent":0,"menu_order":0,"comment_status":"closed","ping_status":"closed","template":"","meta":{"footnotes":""},"class_list":["post-320","page","type-page","status-publish","hentry"],"_links":{"self":[{"href":"https:\/\/vet-ac.de\/index.php?rest_route=\/wp\/v2\/pages\/320","targetHints":{"allow":["GET"]}}],"collection":[{"href":"https:\/\/vet-ac.de\/index.php?rest_route=\/wp\/v2\/pages"}],"about":[{"href":"https:\/\/vet-ac.de\/index.php?rest_route=\/wp\/v2\/types\/page"}],"author":[{"embeddable":true,"href":"https:\/\/vet-ac.de\/index.php?rest_route=\/wp\/v2\/users\/1"}],"replies":[{"embeddable":true,"href":"https:\/\/vet-ac.de\/index.php?rest_route=%2Fwp%2Fv2%2Fcomments&post=320"}],"version-history":[{"count":8,"href":"https:\/\/vet-ac.de\/index.php?rest_route=\/wp\/v2\/pages\/320\/revisions"}],"predecessor-version":[{"id":886,"href":"https:\/\/vet-ac.de\/index.php?rest_route=\/wp\/v2\/pages\/320\/revisions\/886"}],"wp:attachment":[{"href":"https:\/\/vet-ac.de\/index.php?rest_route=%2Fwp%2Fv2%2Fmedia&parent=320"}],"curies":[{"name":"wp","href":"https:\/\/api.w.org\/{rel}","templated":true}]}}