{"id":301,"date":"2019-12-10T23:01:41","date_gmt":"2019-12-10T23:01:41","guid":{"rendered":"https:\/\/vet-ac.de\/?page_id=301"},"modified":"2019-12-10T23:08:35","modified_gmt":"2019-12-10T23:08:35","slug":"ekg","status":"publish","type":"page","link":"https:\/\/vet-ac.de\/?page_id=301","title":{"rendered":"EKG"},"content":{"rendered":"\n\t<h1>EKG<\/h1>\n<h3>(Elektrokardiogramm)<\/h3>\n<p>Das Elektrokardiogramm dient der Diagnostik von Herzrhythmusst\u00f6rungen.<\/p>\n<p>Hierzu werden vier Klemmen schmerzfrei an der Haut des Tieres angelegt. Hierzu wird das Tier in Seitenlage auf den Tisch gelegt und locker festgehalten.<\/p>\n<p>Die Funktionsweise des EKG beruht auf dem Aufzeichnen von elektrischen Impulsen im Herzen, die zwar im Millivoltbereich, also Tausendstel-Voltbereich, liegen, aber dennoch an der K\u00f6rperoberfl\u00e4che gemessen werden k\u00f6nnen.<\/p>\n<p>Der Reiz geht vom Sinusknoten aus, der in der Wand des rechten Vorhofes liegt.Von dort wird der Reiz an den Av-Knoten \u00fcber Reizleitungsbahnen in den Vorh\u00f6fen weitergeleitet. Dort wir er \u00fcber His-B\u00fcndel, Tawara-Schenkel und Purkinjefasern an die Herzmuskulatur weitergeleitet. Jede Weiterleitung ist im EKG als eine typische &#8222;Welle&#8220; oder &#8222;Peak&#8220; zu sehen. Der Abstand der Wellen und Peaks zueinander gibt Aufschlu\u00df \u00fcber Gr\u00f6\u00dfenverh\u00e4ltnisse im Herzen oder Reizleitungsst\u00f6rungen. Bleiben z.B. Peaks aus, so kann z.B. ein AV-Block daran diagnostiziert werden.<\/p>\n<p>Die Praxis verf\u00fcgt \u00fcber ein moderne Computer-EKG. Der Vorteil zum bekannten Papier-EKG besteht darin, dass man mehrere Minuten ohne Meter von Papier zu verschwenden aufzeichnen kann, aber auch dass man einzelne Bereich vergr\u00f6\u00dfern oder durch Filter bearbeiten kann. Die Nachbearbeitung kann also anschlie\u00dfend erfolgen, ohne dass das Tier in fixierter Lage auf dem Tisch festgehalten werden mu\u00df.<\/p>\n<p>F\u00fcr die Diagnostik von Herzrhythmusst\u00f6rungen ist das EKG unerl\u00e4\u00dflich und das Mittel der Wahl. Der bereits oben erw\u00e4hnte Nutzen zu Feststellung von Herzvergr\u00f6\u00dferungen u.\u00e4. ist jedoch seit der technischen M\u00f6glichkeit des Herzultraschalls als veraltet anzusehen.<\/p>\n","protected":false},"excerpt":{"rendered":"<p>EKG (Elektrokardiogramm) Das Elektrokardiogramm dient der Diagnostik von Herzrhythmusst\u00f6rungen. Hierzu werden vier Klemmen schmerzfrei an der Haut des Tieres angelegt. Hierzu wird das Tier in&hellip;<\/p>\n","protected":false},"author":1,"featured_media":0,"parent":0,"menu_order":0,"comment_status":"closed","ping_status":"closed","template":"","meta":{"footnotes":""},"class_list":["post-301","page","type-page","status-publish","hentry"],"_links":{"self":[{"href":"https:\/\/vet-ac.de\/index.php?rest_route=\/wp\/v2\/pages\/301","targetHints":{"allow":["GET"]}}],"collection":[{"href":"https:\/\/vet-ac.de\/index.php?rest_route=\/wp\/v2\/pages"}],"about":[{"href":"https:\/\/vet-ac.de\/index.php?rest_route=\/wp\/v2\/types\/page"}],"author":[{"embeddable":true,"href":"https:\/\/vet-ac.de\/index.php?rest_route=\/wp\/v2\/users\/1"}],"replies":[{"embeddable":true,"href":"https:\/\/vet-ac.de\/index.php?rest_route=%2Fwp%2Fv2%2Fcomments&post=301"}],"version-history":[{"count":3,"href":"https:\/\/vet-ac.de\/index.php?rest_route=\/wp\/v2\/pages\/301\/revisions"}],"predecessor-version":[{"id":409,"href":"https:\/\/vet-ac.de\/index.php?rest_route=\/wp\/v2\/pages\/301\/revisions\/409"}],"wp:attachment":[{"href":"https:\/\/vet-ac.de\/index.php?rest_route=%2Fwp%2Fv2%2Fmedia&parent=301"}],"curies":[{"name":"wp","href":"https:\/\/api.w.org\/{rel}","templated":true}]}}