{"id":297,"date":"2019-12-10T21:30:41","date_gmt":"2019-12-10T21:30:41","guid":{"rendered":"https:\/\/vet-ac.de\/?page_id=297"},"modified":"2024-09-05T09:38:05","modified_gmt":"2024-09-05T09:38:05","slug":"thomas-koch","status":"publish","type":"page","link":"https:\/\/vet-ac.de\/?page_id=297","title":{"rendered":"Thomas Koch"},"content":{"rendered":"\n\n\t\t\t\t<img decoding=\"async\" src=\"https:\/\/wordpress.vet-ac.de\/wp-content\/uploads\/2019\/11\/190921-0216_Tierarztpraxis_Einweihung_2019-Tom-scaled.jpg\" alt=\"190921-0216_Tierarztpraxis_Einweihung_2019 Tom\" itemprop=\"image\" title=\"190921-0216_Tierarztpraxis_Einweihung_2019 Tom\" onerror=\"this.style.display='none'\"  \/>\n\t<p>Thomas Friedrich Koch<\/p>\n<p>Tierarzt &amp; Praxisinhaber<\/p>\n\t<p>Studium: September 1994 bis Juli 2000 Studium der Veterin\u00e4rmedizin an der Justus-Liebig-Universit\u00e4t Gie\u00dfen<\/p>\n<p>Approbation erhalten am 8. August 2000<\/p>\n<hr \/>\n<h4>Berufserfahrung:<\/h4>\n<p>seit Juli 2000 Mitarbeit in der Praxis von Prof. K\u00fcpper am <strong>Institut f\u00fcr Versuchstierkunde<\/strong> der RWTH Aachen<\/p>\n<p>von M\u00e4rz 2001 bis November 2001 als Assistent in der <strong>Kleintierpraxis\u00a0<\/strong>von Frau Dr. Veronika Dellwing in M\u00f6nchengladbach-Rheydt<\/p>\n<p>von Dezember 2001 bis Januar 2003 als Assistent in der <strong>Kleintierklinik<\/strong> von Dr. S. Kirchner und S. Hein in Seligenstadt auf dem Gebiet der Kleintierinternistik und Chirurgie t\u00e4tig<\/p>\n<p>von April 2003 bis September 2003 Hospitanz in der <strong>Medizinischen und Gerichtlichen Veterin\u00e4rklinik &#8211; Innere Krankheiten der Kleintier &#8211; der JLU Giessen<\/strong> unter Prof. Dr. Gr\u00fcnbaum<\/p>\n<p>vom 10. Oktober bis 15. Dezember 2004 Hospitanz am <strong>College of Veterinary Medicine, University of Georgia, U.S.A. &#8211; Department for Exotic Animal, Wildlife &amp; Zoological Medicine<\/strong> unter Prof. Dr. Steve Hernandez-Divers<\/p>\n<p>von Februar bis M\u00e4rz 2004 Hospitanz den der <strong>Medizinischen und Gerichtlichen Veterin\u00e4rklinik &#8211; Innere Krankheiten der Kleintiere &#8211; der JLU Giessen<\/strong> unter Prof. Dr. Reto Neiger mit Schwerpunkt Kardiologie<\/p>\n<hr \/>\n<p>Mitgliedschaften:<\/p>\n<p><strong>ESVC <\/strong>(European Society of Veterinary Cardiology)<\/p>\n<p><strong>DGHT<\/strong> (Deutsche Gesellschaft f\u00fcr Herpetologie)<\/p>\n<p>Bund Praktizierender Tier\u00e4rzte (<strong>BPT<\/strong>)<\/p>\n<p>Akademie f\u00fcr Tier\u00e4rztliche Fortbildung (<strong>ATF<\/strong>)<\/p>\n<p>International Society of Feline Medicine (<strong>ISFM)<\/strong><\/p>\n<p>____________________________________________________________________________________________________________________________________________________________<\/p>\n<p>Fremdsprachen: Englisch, Franz\u00f6sisch, Latein<\/p>\n\n","protected":false},"excerpt":{"rendered":"<p>Thomas Friedrich Koch Tierarzt &amp; Praxisinhaber Studium: September 1994 bis Juli 2000 Studium der Veterin\u00e4rmedizin an der Justus-Liebig-Universit\u00e4t Gie\u00dfen Approbation erhalten am 8. August 2000&hellip;<\/p>\n","protected":false},"author":1,"featured_media":0,"parent":0,"menu_order":0,"comment_status":"closed","ping_status":"closed","template":"","meta":{"footnotes":""},"class_list":["post-297","page","type-page","status-publish","hentry"],"_links":{"self":[{"href":"https:\/\/vet-ac.de\/index.php?rest_route=\/wp\/v2\/pages\/297","targetHints":{"allow":["GET"]}}],"collection":[{"href":"https:\/\/vet-ac.de\/index.php?rest_route=\/wp\/v2\/pages"}],"about":[{"href":"https:\/\/vet-ac.de\/index.php?rest_route=\/wp\/v2\/types\/page"}],"author":[{"embeddable":true,"href":"https:\/\/vet-ac.de\/index.php?rest_route=\/wp\/v2\/users\/1"}],"replies":[{"embeddable":true,"href":"https:\/\/vet-ac.de\/index.php?rest_route=%2Fwp%2Fv2%2Fcomments&post=297"}],"version-history":[{"count":6,"href":"https:\/\/vet-ac.de\/index.php?rest_route=\/wp\/v2\/pages\/297\/revisions"}],"predecessor-version":[{"id":840,"href":"https:\/\/vet-ac.de\/index.php?rest_route=\/wp\/v2\/pages\/297\/revisions\/840"}],"wp:attachment":[{"href":"https:\/\/vet-ac.de\/index.php?rest_route=%2Fwp%2Fv2%2Fmedia&parent=297"}],"curies":[{"name":"wp","href":"https:\/\/api.w.org\/{rel}","templated":true}]}}