{"id":276,"date":"2019-12-01T16:31:11","date_gmt":"2019-12-01T16:31:11","guid":{"rendered":"https:\/\/vet-ac.de\/?page_id=276"},"modified":"2025-03-04T13:14:32","modified_gmt":"2025-03-04T13:14:32","slug":"home_neu","status":"publish","type":"page","link":"https:\/\/vet-ac.de\/","title":{"rendered":"Home"},"content":{"rendered":"\n\n<h2>Koch + Kollegen<\/h2>\n<p>Herzlich Willkommen auf der Seite von Koch + Kollegen, dem Zentrum f\u00fcr Tiermedizin in Aachen.<\/p>\n<p>Wir sind eine moderne Tierarztpraxis mit einem Team von hochmotivierten Mitarbeitern, bestehend aus Tier\u00e4rzt*Innen, Tiermedizinischen Fachangestellten, einer Osteopathin und einer Tierphysiotherapeutin.<\/p>\n\t\t\t\t<img fetchpriority=\"high\" decoding=\"async\" src=\"https:\/\/vet-ac.de\/wp-content\/uploads\/2024\/08\/Tieraerzte-Team-scaled.jpg\" alt=\"Tieraerzte-Team\" itemprop=\"image\" height=\"1884\" width=\"2560\" title=\"Tieraerzte-Team\" onerror=\"this.style.display='none'\"  \/>\n\t<p>Die tier\u00e4rztliche Praxis f\u00fcr Kleintiere war urspr\u00fcnglich in Kornelim\u00fcnster beheimatet. Im Mai 2019 haben wir uns unseren Traum eines modernen, aber nicht unpers\u00f6nlichen neuen Praxisgeb\u00e4udes erf\u00fcllt. Im Gewerbepark Brand entstand nach unseren Pl\u00e4nen das neue Zentrum f\u00fcr Tiermedizin in Aachen. In unserem neuen Blockhaus k\u00f6nnen wir eine moderne Tiermedizin mit modernsten Ger\u00e4ten anbieten. Ob nun Ultraschall des Herzens inklusive (Farb)doppler, Bauchultraschall, digitales R\u00f6ntgen, eigenes Labor f\u00fcr Blut- und Harnuntersuchungen, spezielle OP-R\u00e4ume inkl. Inhalationsnarkose, digitales Zahnr\u00f6ntgen und vieles mehr &#8211; auf fast 500qm ist ein optimales Zusammenspiel von \u00c4rzten und diagnostischen M\u00f6glichkeiten gegeben.<\/p>\n\t<p>Eine gute Ausstattung ist die Grundlage der Diagnostik. Doch alleine n\u00fctzt sie oft wenig. Noch wichtiger sind die Menschen, die sich ihrer bedienen. Aus gutem Grund habe wir unsere Praxis &#8222;Koch + Kollegen&#8220; genannt. Die Tiermedizin hat in in den vergangenen Jahren sehr ge\u00e4ndert. Gab es vor einiger Zeit noch ein recht \u00fcberschaubares Wissen in den einzelnen Fachgebieten, so ist diese sehr schnell gewachsen &#8211; mehr als ein einzelner Mensch es vermag in sich aufzunehmen.<\/p>\n<p>Daher haben wir beschlossen, eine Art &#8222;\u00c4rztehaus&#8220; ins Leben zu rufen. Neben den &#8222;normalen&#8220; haustier\u00e4rztlichen T\u00e4tigkeiten ist jeder der \u00c4rzte und auch einige Helferinnen auf einem speziellen Fachgebiet besonders ausgebildet. Zusammen arbeiten wir Hand-in-Hand, um Ihren Tier eine bestm\u00f6gliche Betreuung zukommen zu lassen. Regelm\u00e4\u00dfige externe und interne Fortbildungen und\u00a0 Gespr\u00e4chsrunden gew\u00e4hrleisten eine Tiermdedizin am Puls der Zeit.<\/p>\n<p>&#8222;Zeit die wir uns nehmen, ist Zeit, die uns etwas gibt.&#8220; (Ernst Ferstl) Getreu diesem Motto m\u00f6chten wir uns immer die n\u00f6tige Zeit nehmen, uns um Ihr Tier zu k\u00fcmmern. Daher f\u00fchren wir eine reine Terminsprechstunde durch.<\/p>\n\t\t\t\t<img decoding=\"async\" src=\"https:\/\/wordpress.vet-ac.de\/wp-content\/uploads\/2020\/01\/Tierarzthelferinnen-Team-scaled.jpg\" alt=\"Tierarzthelferinnen Team\" itemprop=\"image\" title=\"Tierarzthelferinnen Team\" onerror=\"this.style.display='none'\"  \/>\n<p>Informationen zum Team, den einzelnen Leistungen, der Praxis und wie Sie uns erreichen k\u00f6nnen erhalten Sie durch Klicken auf die untenstehenden Fotos.<\/p>\n<p>Wir freuen uns auf Sie!<\/p>\n<p>&nbsp;<\/p>\n<p>Thomas Koch &amp; das Team von Koch+Kollegen<\/p>\n\t\t\t\t<a href=\"https:\/\/vet-ac.de\/?page_id=279\"  target=\"_self\" itemprop=\"url\">\n\t\t\t\t<img decoding=\"async\" src=\"https:\/\/vet-ac.de\/wp-content\/uploads\/2019\/12\/Team-Startseite.jpg\" alt=\"Team Startseite\" itemprop=\"image\" height=\"2008\" width=\"2362\" title=\"Team Startseite\" onerror=\"this.style.display='none'\"  \/>\n\t\t\t\t<\/a>\n\t\t\t\t<a href=\"https:\/\/vet-ac.de\/?page_id=11\"  target=\"_self\" itemprop=\"url\">\n\t\t\t\t<img decoding=\"async\" src=\"https:\/\/vet-ac.de\/wp-content\/uploads\/2019\/12\/Leistungen-Startseite.jpg\" alt=\"Leistungen Startseite\" itemprop=\"image\" height=\"2008\" width=\"2362\" title=\"Leistungen Startseite\" onerror=\"this.style.display='none'\"  \/>\n\t\t\t\t<\/a>\n\t\t\t\t<img decoding=\"async\" src=\"https:\/\/wordpress.vet-ac.de\/wp-content\/uploads\/2019\/12\/Praxis-Startseite.jpg\" alt=\"Praxis Startseite\" itemprop=\"image\" title=\"Praxis Startseite\" onerror=\"this.style.display='none'\"  \/>\n\t\t\t\t<a href=\"https:\/\/vet-ac.de\/?page_id=515\"  target=\"_self\" itemprop=\"url\">\n\t\t\t\t<img loading=\"lazy\" decoding=\"async\" src=\"https:\/\/vet-ac.de\/wp-content\/uploads\/2019\/12\/Anfahrt-Startseite.jpg\" alt=\"Anfahrt Startseite\" itemprop=\"image\" height=\"2008\" width=\"2362\" title=\"Anfahrt Startseite\" onerror=\"this.style.display='none'\"  \/>\n\t\t\t\t<\/a>\n\n","protected":false},"excerpt":{"rendered":"<p>Koch + Kollegen Herzlich Willkommen auf der Seite von Koch + Kollegen, dem Zentrum f\u00fcr Tiermedizin in Aachen. Wir sind eine moderne Tierarztpraxis mit einem&hellip;<\/p>\n","protected":false},"author":2,"featured_media":0,"parent":0,"menu_order":0,"comment_status":"closed","ping_status":"closed","template":"","meta":{"footnotes":""},"class_list":["post-276","page","type-page","status-publish","hentry"],"_links":{"self":[{"href":"https:\/\/vet-ac.de\/index.php?rest_route=\/wp\/v2\/pages\/276","targetHints":{"allow":["GET"]}}],"collection":[{"href":"https:\/\/vet-ac.de\/index.php?rest_route=\/wp\/v2\/pages"}],"about":[{"href":"https:\/\/vet-ac.de\/index.php?rest_route=\/wp\/v2\/types\/page"}],"author":[{"embeddable":true,"href":"https:\/\/vet-ac.de\/index.php?rest_route=\/wp\/v2\/users\/2"}],"replies":[{"embeddable":true,"href":"https:\/\/vet-ac.de\/index.php?rest_route=%2Fwp%2Fv2%2Fcomments&post=276"}],"version-history":[{"count":47,"href":"https:\/\/vet-ac.de\/index.php?rest_route=\/wp\/v2\/pages\/276\/revisions"}],"predecessor-version":[{"id":895,"href":"https:\/\/vet-ac.de\/index.php?rest_route=\/wp\/v2\/pages\/276\/revisions\/895"}],"wp:attachment":[{"href":"https:\/\/vet-ac.de\/index.php?rest_route=%2Fwp%2Fv2%2Fmedia&parent=276"}],"curies":[{"name":"wp","href":"https:\/\/api.w.org\/{rel}","templated":true}]}}